{"id":1454,"date":"2020-11-03T12:14:59","date_gmt":"2020-11-03T12:14:59","guid":{"rendered":"http:\/\/www.rameendustri.com\/?page_id=1454"},"modified":"2023-07-21T15:14:06","modified_gmt":"2023-07-21T12:14:06","slug":"projeler","status":"publish","type":"page","link":"https:\/\/www.rameendustri.com\/index.php\/projeler\/","title":{"rendered":"PROJELER"},"content":{"rendered":"\n<div class=\"wp-block-file\"><a href=\"https:\/\/www.rameendustri.com\/wp-content\/uploads\/2023\/07\/RAME-ENDUSTRI-Company-Profile-ENG-1.pdf\">RAME-ENDUSTRI-Company-Profile-ENG-1<\/a><a href=\"https:\/\/www.rameendustri.com\/wp-content\/uploads\/2023\/07\/RAME-ENDUSTRI-Company-Profile-ENG-1.pdf\" class=\"wp-block-file__button\" download>\u0130ndir<\/a><\/div>\n\n\n\n<p><strong>SON TAMAMLANAN PROJELER\u0130M\u0130Z:<\/strong><\/p>\n\n\n\n<figure class=\"wp-block-image is-resized\" id=\"block-c5960dab-8ae6-4869-8607-ca92d074f336\"><img loading=\"lazy\" src=\"https:\/\/www.rameendustri.com\/wp-content\/uploads\/2023\/07\/image-2-576x1024.png\" alt=\"Bu g\u00f6rsel bo\u015f bir alt niteli\u011fe sahip; dosya ad\u0131 image-2-576x1024.png\" width=\"375\" height=\"667\"\/><\/figure>\n\n\n\n<p id=\"block-715ba78a-0030-4ebf-8860-5ca83ae7516e\"><strong>\u0130\u015eVEREN:<\/strong> \u00c7ALIK ENERJ\u0130 A.\u015e.<\/p>\n\n\n\n<p id=\"block-f0289611-d5e1-4993-bde3-be47ba41a42c\"><strong>PROJE:<\/strong> BAZIAN I AIR HEADER FABRICATIONS (3&#8243;, 24 PCS)<\/p>\n\n\n\n<p id=\"block-e7b4cfae-090e-40b4-ae0f-35ffb05856e0\"><strong>YIL: <\/strong>2023<\/p>\n\n\n\n<p id=\"block-620df801-817e-475b-8c5d-7337e80f0c7c\"><strong>DURUM: <\/strong>TAMAMLANDI<\/p>\n\n\n\n<p id=\"block-ef5c14fb-997c-438e-8259-fa75795d1987\"><strong>YAPILAN \u0130\u015eLER:<\/strong><\/p>\n\n\n\n<ul id=\"block-677154dd-61ce-4024-aead-7827e2180522\"><li>ASME SEC VIII DIV-1 Tasar\u0131m ve M\u00fchendislik (DP 11 barg)<\/li><li>316L Malzeme Temini (boru, sac)<\/li><li>\u0130malat \u0130\u015fleri (cutting, beveling, threading, drilling, erection, welding, ndt)<\/li><li>Hidrostatik test (16.5 barg)<\/li><li>Pasivasyon (asit temizlik)<\/li><li>Uluslararas\u0131 paketleme<br><\/li><\/ul>\n\n\n\n<figure class=\"wp-block-image is-resized\" id=\"block-bc4656c5-3a60-4d2b-b0c7-fd7ec3e26f6a\"><img loading=\"lazy\" src=\"https:\/\/www.rameendustri.com\/wp-content\/uploads\/2023\/07\/image-4.png\" alt=\"Bu g\u00f6rsel bo\u015f bir alt niteli\u011fe sahip; dosya ad\u0131 image-4.png\" width=\"497\" height=\"334\"\/><\/figure>\n\n\n\n<p id=\"block-ad85cf9d-f70e-48a2-bd31-a78cee6106b6\"><strong>\u0130\u015eVEREN:<\/strong> \u00c7ALIK ENERJ\u0130 A.\u015e.<\/p>\n\n\n\n<p id=\"block-02f856ee-f0b2-4afe-9f27-70a56a484e04\"><strong>PROJE:<\/strong> ROMPETROL COGEN POWER PLANT PROJECT<br>(70 MW) &#8211; CONDENSATE BUFFER TANK FABRICATION<\/p>\n\n\n\n<p id=\"block-813a357a-d75b-4ac3-b0f5-9a03982b1e19\"><strong>YIL: <\/strong>2023<\/p>\n\n\n\n<p id=\"block-ff1b089a-60a9-4200-ba32-5773e3465e46\"><strong>DURUM: <\/strong>TAMAMLANDI<\/p>\n\n\n\n<p id=\"block-06410ba6-38a8-4aca-b27f-defebcae5317\"><strong>YAPILAN \u0130\u015eLER:<\/strong><\/p>\n\n\n\n<ul id=\"block-58f95620-d743-45d3-8096-883ce1d7ae72\"><li>EN 13445 Tank Tasar\u0131m ve M\u00fchendislik<\/li><li>Malzeme temini (sac, profil, boru, flan\u015f, CO2 absorber, boya)<\/li><li>Plaka ve Profil \u00d6n \u0130malat \u0130\u015fleri (kesme, delme, kaynak a\u011fz\u0131 a\u00e7ma, b\u00fckme)<\/li><li>\u0130malat \u0130\u015fleri (montaj, kaynak, test)<\/li><li>Merdiven ve Platform \u0130malat\u0131<\/li><li>CE Markalama<\/li><li>Uluslararas\u0131 paketleme<br><br><\/li><\/ul>\n\n\n\n<figure class=\"wp-block-image is-resized\" id=\"block-201ae047-08b7-49df-8c17-bf32cfadd836\"><img loading=\"lazy\" src=\"https:\/\/www.rameendustri.com\/wp-content\/uploads\/2023\/07\/image-1.png\" alt=\"Bu g\u00f6rsel bo\u015f bir alt niteli\u011fe sahip; dosya ad\u0131 image-1.png\" width=\"332\" height=\"553\"\/><\/figure>\n\n\n\n<p id=\"block-f3c5f5cc-c8ab-453a-a2b2-43851274bc76\"><strong>\u0130\u015eVEREN:<\/strong> \u00c7ALIK ENERJ\u0130 A.\u015e.<\/p>\n\n\n\n<p id=\"block-d976972d-b74c-488d-b867-1e22d1ea7a16\"><strong>PROJE:<\/strong> ROMPETROL COGEN POWER PLANT PROJECT<br>(70 MW) &#8211; UNDERGROUND DOUBLE WALL CONDENSATE TANKS FABRICATION<br>1 m3 and 5m3<\/p>\n\n\n\n<p id=\"block-e7ee643f-e05a-4902-a191-0b4ba14258db\"><strong>YIL: <\/strong>2023<\/p>\n\n\n\n<p id=\"block-c02bf3e3-dd98-4f3c-a733-f4941a46490a\"><strong>DURUM: <\/strong>TAMAMLANDI<\/p>\n\n\n\n<p id=\"block-3cea280a-ae32-4c44-861c-e6c9bf4c818b\"><strong>YAPILAN \u0130\u015eLER:<\/strong><\/p>\n\n\n\n<ul id=\"block-a876e505-2b3a-4f6d-b5d9-8d7492e2d8d7\"><li>EN 12285-1 Tank Tasar\u0131m ve M\u00fchendislik<\/li><\/ul>\n\n\n\n<ul id=\"block-5c88f866-406e-4518-b146-9ed0a2418a31\"><li>Malzeme temini (sac, profil, boru, flan\u015f, S\u0131z\u0131nt\u0131 Dedekt\u00f6r\u00fc, PE kaplama)<\/li><li>Plaka ve Profil \u00d6n \u0130malat \u0130\u015fleri (kesme, delme, kaynak a\u011fz\u0131 a\u00e7ma, b\u00fckme)<\/li><li>\u0130malat \u0130\u015fleri (montaj, kaynak, test)<\/li><li>Merdiven ve Platform \u0130malat\u0131<\/li><li>Vana Kutusu \u0130malat\u0131<\/li><li>Uluslararas\u0131 paketleme<br><\/li><\/ul>\n\n\n\n<figure class=\"wp-block-image size-large is-resized\"><img loading=\"lazy\" src=\"https:\/\/www.rameendustri.com\/wp-content\/uploads\/2022\/09\/image-768x633-1.png\" alt=\"\" class=\"wp-image-1785\" width=\"525\" height=\"433\" srcset=\"https:\/\/www.rameendustri.com\/wp-content\/uploads\/2022\/09\/image-768x633-1.png 768w, https:\/\/www.rameendustri.com\/wp-content\/uploads\/2022\/09\/image-768x633-1-300x247.png 300w\" sizes=\"(max-width: 525px) 100vw, 525px\" \/><\/figure>\n\n\n\n<p><strong>\u0130\u015eVEREN:<\/strong> \u00c7ALIK ENERJ\u0130 A.\u015e.<\/p>\n\n\n\n<p><strong>PROJE: <\/strong>BAZIAN II YANGIN SUYU TANKI (FIRE FIGHTING TANK)<\/p>\n\n\n\n<p><strong>YIL: <\/strong>2022<\/p>\n\n\n\n<p><strong>DURUM: <\/strong>TAMAMLANDI<\/p>\n\n\n\n<p><strong>TAMAMLANAN \u0130\u015eLER:<\/strong><\/p>\n\n\n\n<ul><li>API 650 13th Edition Tank Tasar\u0131m\u0131 ve M\u00fchendisli\u011fi<\/li><li>Malzeme Temini (sac, profil, nozul, menhol, boya, izolasyon, seviye g\u00f6stergesi)<\/li><li>Plaka ve Profil \u0130malat\u0131 (kesme, delme, kaynak a\u011fz\u0131 a\u00e7ma, b\u00fckme)<\/li><li>Nozul ve Menhol \u0130malat\u0131<\/li><li>Merdiven ve Korkuluk \u0130malat\u0131<\/li><li>Uluslararas\u0131 Paketleme<\/li><\/ul>\n\n\n\n<figure class=\"wp-block-image size-large is-resized\"><img loading=\"lazy\" src=\"http:\/\/www.rameendustri.com\/wp-content\/uploads\/2020\/11\/image-1024x526.png\" alt=\"\" class=\"wp-image-1461\" width=\"429\" height=\"219\" srcset=\"https:\/\/www.rameendustri.com\/wp-content\/uploads\/2020\/11\/image-1024x526.png 1024w, https:\/\/www.rameendustri.com\/wp-content\/uploads\/2020\/11\/image-300x154.png 300w, https:\/\/www.rameendustri.com\/wp-content\/uploads\/2020\/11\/image-768x394.png 768w, https:\/\/www.rameendustri.com\/wp-content\/uploads\/2020\/11\/image-1536x789.png 1536w, https:\/\/www.rameendustri.com\/wp-content\/uploads\/2020\/11\/image.png 1538w\" sizes=\"(max-width: 429px) 100vw, 429px\" \/><\/figure>\n\n\n\n<p><strong>\u0130\u015eVEREN:<\/strong> TAYRA\u015e BAZ YA\u011e RAF\u0130NER\u0130 A.\u015e.<\/p>\n\n\n\n<p><strong>\u0130\u015e: <\/strong>DEPOLAMA TANKLARI SAHASI BORULAMA PROJELEND\u0130RME \u0130\u015eLER\u0130 <\/p>\n\n\n\n<p><strong>YIL:<\/strong> 2020<\/p>\n\n\n\n<p><strong>DURUM: <\/strong>TAMAMLANDI<\/p>\n\n\n\n<p><strong>YAPILAN \u0130\u015eLER: <\/strong><\/p>\n\n\n\n<ul><li>Tank sahas\u0131 borulama ihale metrajlar\u0131n\u0131n \u00e7\u0131kart\u0131lmas\u0131<\/li><li>Tank sahas\u0131 borulama ihale \u015fartnamesinin haz\u0131rlanmas\u0131<\/li><li>Tanklar\u0131n 3D modellemesi, temel dizayn\u0131, tank nozul oryantasyonlar\u0131n\u0131n yap\u0131lmas\u0131<\/li><li>Revize P&amp;ID\u2019lerin i\u015flenmesi<\/li><li>Pompa emi\u015f hatlar\u0131n\u0131n revize edilmesi<\/li><li>Utility hatlar\u0131n\u0131n \u00e7izim ve ke\u015fif listesine eklenmesi<\/li><li>Boru k\u00f6pr\u00fcs\u00fc ve saportlar\u0131n\u0131n tasarlan\u0131p \u00e7elik tonaj\u0131na eklenmesi<\/li><li>Tanker peronu y\u00fckleme\/bo\u015faltma kollar\u0131na kadar \u00e7izimlerin haz\u0131rlanmas\u0131<\/li><li>Vapor recovery hatlar\u0131n\u0131n tanklar\u0131n \u00fcst\u00fcnden ge\u00e7ecek \u015fekilde tasarlanmas\u0131<\/li><\/ul>\n\n\n\n<p><\/p>\n","protected":false},"excerpt":{"rendered":"<p>SON TAMAMLANAN PROJELER\u0130M\u0130Z: \u0130\u015eVEREN: \u00c7ALIK ENERJ\u0130 A.\u015e. PROJE: BAZIAN I AIR HEADER FABRICATIONS (3&#8243;, 24 PCS) YIL: 2023 DURUM: TAMAMLANDI YAPILAN \u0130\u015eLER: ASME SEC VIII DIV-1 Tasar\u0131m ve M\u00fchendislik (DP &#8230;<\/p>\n","protected":false},"author":1,"featured_media":0,"parent":0,"menu_order":0,"comment_status":"closed","ping_status":"closed","template":"","meta":[],"_links":{"self":[{"href":"https:\/\/www.rameendustri.com\/index.php\/wp-json\/wp\/v2\/pages\/1454"}],"collection":[{"href":"https:\/\/www.rameendustri.com\/index.php\/wp-json\/wp\/v2\/pages"}],"about":[{"href":"https:\/\/www.rameendustri.com\/index.php\/wp-json\/wp\/v2\/types\/page"}],"author":[{"embeddable":true,"href":"https:\/\/www.rameendustri.com\/index.php\/wp-json\/wp\/v2\/users\/1"}],"replies":[{"embeddable":true,"href":"https:\/\/www.rameendustri.com\/index.php\/wp-json\/wp\/v2\/comments?post=1454"}],"version-history":[{"count":14,"href":"https:\/\/www.rameendustri.com\/index.php\/wp-json\/wp\/v2\/pages\/1454\/revisions"}],"predecessor-version":[{"id":1802,"href":"https:\/\/www.rameendustri.com\/index.php\/wp-json\/wp\/v2\/pages\/1454\/revisions\/1802"}],"wp:attachment":[{"href":"https:\/\/www.rameendustri.com\/index.php\/wp-json\/wp\/v2\/media?parent=1454"}],"curies":[{"name":"wp","href":"https:\/\/api.w.org\/{rel}","templated":true}]}}