{"id":1656,"date":"2020-11-23T15:54:55","date_gmt":"2020-11-23T12:54:55","guid":{"rendered":"https:\/\/www.rameendustri.com\/?page_id=1656"},"modified":"2021-02-06T23:54:06","modified_gmt":"2021-02-06T20:54:06","slug":"isg-politikamiz","status":"publish","type":"page","link":"https:\/\/www.rameendustri.com\/index.php\/isg-politikamiz\/","title":{"rendered":"\u0130SG Politikam\u0131z"},"content":{"rendered":"\n<p>RAME END\u00dcSTR\u0130, y\u00fcr\u00fctt\u00fc\u011f\u00fc t\u00fcm faaliyetlerde temel insan haklar\u0131ndan yola \u00e7\u0131karak, \u00e7al\u0131\u015fanlar\u0131na g\u00fcvenli bir \u00e7al\u0131\u015fma ortam\u0131 sa\u011flamak amac\u0131yla \u201c\u0130\u015f, G\u00fcvenlik, Sosyal Ya\u015fam\u201d yakla\u015f\u0131m\u0131n\u0131 temel prensip olarak benimsemi\u015f, gerek fabrikas\u0131nda gerekse \u015fantiyelerinde \u00e7al\u0131\u015fma ko\u015fullar\u0131n\u0131n s\u00fcrekli iyile\u015ftirilmesini hedeflemektedir.<\/p>\n\n\n\n<p>Kadromuzda bulunan m\u00fchendis ve i\u015f g\u00fcvenli\u011fi uzmanlar\u0131m\u0131z\u0131n \u00e7abalar\u0131yla, ISO 45001 standard\u0131 do\u011frultusunda olu\u015fturulan \u0130\u015f\u00e7i Sa\u011fl\u0131\u011f\u0131 ve \u0130\u015f G\u00fcvenli\u011fi (\u0130SG) politikam\u0131z, hedefledi\u011fimiz \u00e7al\u0131\u015fma ortam\u0131n\u0131 ve bu ortam\u0131n s\u00fcreklili\u011fini sa\u011flamaktad\u0131r.<\/p>\n\n\n\n<ul><li>\u0130\u015f g\u00fcvenli\u011fi en \u00f6nemli \u00f6ncelik olarak al\u0131nmas\u0131<\/li><li>\u00c7al\u0131\u015fanlar\u0131m\u0131z\u0131 \u0130\u015f G\u00fcvenli\u011fi ve \u0130\u015f\u00e7i Sa\u011fl\u0131\u011f\u0131 konular\u0131nda duyarl\u0131 hale getirmek kurumsal sorumlulu\u011fumuzdur.<\/li><li>T\u00fcm sistem ve uygulamalar\u0131m\u0131z\u0131n, y\u00fcr\u00fcrl\u00fckteki yasalar, y\u00f6netmelikler ve di\u011fer \u015fartlar ile uyumlu olmas\u0131n\u0131 sa\u011flar ve s\u00fcrekli geli\u015ftirilmesi<\/li><li>T\u00fcm \u00e7al\u0131\u015fanlar\u0131m\u0131z i\u00e7in g\u00fcvenli ve hedefi s\u0131f\u0131r kaza olan bir \u00e7al\u0131\u015fma ortam\u0131 yaratmaya \u00e7al\u0131\u015f\u0131lmas\u0131<\/li><li>Faaliyetlerimizin \u00e7al\u0131\u015fanlar\u0131m\u0131z\u0131n sa\u011fl\u0131k ve g\u00fcvenli\u011fi i\u00e7in olu\u015fturdu\u011fu riskleri d\u00fczenli analiz eder ve s\u00fcrekli azaltmay\u0131 hedeflenmesi<\/li><\/ul>\n","protected":false},"excerpt":{"rendered":"<p>RAME END\u00dcSTR\u0130, y\u00fcr\u00fctt\u00fc\u011f\u00fc t\u00fcm faaliyetlerde temel insan haklar\u0131ndan yola \u00e7\u0131karak, \u00e7al\u0131\u015fanlar\u0131na g\u00fcvenli bir \u00e7al\u0131\u015fma ortam\u0131 sa\u011flamak amac\u0131yla \u201c\u0130\u015f, G\u00fcvenlik, Sosyal Ya\u015fam\u201d yakla\u015f\u0131m\u0131n\u0131 temel prensip olarak benimsemi\u015f, gerek fabrikas\u0131nda gerekse \u015fantiyelerinde &#8230;<\/p>\n","protected":false},"author":1,"featured_media":0,"parent":0,"menu_order":0,"comment_status":"closed","ping_status":"closed","template":"","meta":[],"_links":{"self":[{"href":"https:\/\/www.rameendustri.com\/index.php\/wp-json\/wp\/v2\/pages\/1656"}],"collection":[{"href":"https:\/\/www.rameendustri.com\/index.php\/wp-json\/wp\/v2\/pages"}],"about":[{"href":"https:\/\/www.rameendustri.com\/index.php\/wp-json\/wp\/v2\/types\/page"}],"author":[{"embeddable":true,"href":"https:\/\/www.rameendustri.com\/index.php\/wp-json\/wp\/v2\/users\/1"}],"replies":[{"embeddable":true,"href":"https:\/\/www.rameendustri.com\/index.php\/wp-json\/wp\/v2\/comments?post=1656"}],"version-history":[{"count":2,"href":"https:\/\/www.rameendustri.com\/index.php\/wp-json\/wp\/v2\/pages\/1656\/revisions"}],"predecessor-version":[{"id":1681,"href":"https:\/\/www.rameendustri.com\/index.php\/wp-json\/wp\/v2\/pages\/1656\/revisions\/1681"}],"wp:attachment":[{"href":"https:\/\/www.rameendustri.com\/index.php\/wp-json\/wp\/v2\/media?parent=1656"}],"curies":[{"name":"wp","href":"https:\/\/api.w.org\/{rel}","templated":true}]}}