{"id":1682,"date":"2020-11-25T14:07:31","date_gmt":"2020-11-25T11:07:31","guid":{"rendered":"https:\/\/www.rameendustri.com\/?page_id=1682"},"modified":"2021-02-06T23:54:22","modified_gmt":"2021-02-06T20:54:22","slug":"kalite-politikamiz","status":"publish","type":"page","link":"https:\/\/www.rameendustri.com\/index.php\/kalite-politikamiz\/","title":{"rendered":"Kalite Politikam\u0131z"},"content":{"rendered":"\n<p>RAME END\u00dcSTR\u0130, faaliyet alanlar\u0131nda g\u00fcncel ve geli\u015fen teknolojileri kullanarak, g\u00fcvenilir firmalar\u0131ndan biri olmas\u0131 i\u00e7in \u00f6nemle \u00fczerinde durdu\u011fumuz kalite politikam\u0131z a\u015fa\u011f\u0131daki ilkeler \u0131\u015f\u0131\u011f\u0131nda \u015fekillenmi\u015ftir:<\/p>\n\n\n\n<ul><li>Son teknolojik geli\u015fmeler \u0131\u015f\u0131\u011f\u0131nda imalat y\u00f6ntemlerimizi ve ekipman kalitemizi geli\u015ftirilmesi<\/li><li>\u00c7al\u0131\u015fanlar\u0131m\u0131zda kalite bilincini, bilgi d\u00fczeyini ve verimlili\u011fi artt\u0131rmak ad\u0131na d\u00fczenli i\u00e7 ve d\u0131\u015f e\u011fitimler sa\u011flanmas\u0131<\/li><li>\u0130\u015f yap\u0131m s\u00fcre\u00e7lerinin s\u00fcrekli de\u011ferlendirilmesi ile performans geli\u015fimini sa\u011flanmas\u0131<\/li><li>M\u00fc\u015fterilerimizin ihtiya\u00e7 ve beklentilerini en iyi \u015fekilde kar\u015f\u0131lamak ve m\u00fc\u015fteri memnuniyetini sa\u011flanmas\u0131<\/li><li>Kalite y\u00f6netim sisteminin s\u00fcrekli iyile\u015ftirilmesi<\/li><li>Uygulanabilir \u015fartlar\u0131n yerine getirilmesi<\/li><\/ul>\n","protected":false},"excerpt":{"rendered":"<p>RAME END\u00dcSTR\u0130, faaliyet alanlar\u0131nda g\u00fcncel ve geli\u015fen teknolojileri kullanarak, g\u00fcvenilir firmalar\u0131ndan biri olmas\u0131 i\u00e7in \u00f6nemle \u00fczerinde durdu\u011fumuz kalite politikam\u0131z a\u015fa\u011f\u0131daki ilkeler \u0131\u015f\u0131\u011f\u0131nda \u015fekillenmi\u015ftir: Son teknolojik geli\u015fmeler \u0131\u015f\u0131\u011f\u0131nda imalat y\u00f6ntemlerimizi ve &#8230;<\/p>\n","protected":false},"author":1,"featured_media":0,"parent":0,"menu_order":0,"comment_status":"closed","ping_status":"closed","template":"","meta":[],"_links":{"self":[{"href":"https:\/\/www.rameendustri.com\/index.php\/wp-json\/wp\/v2\/pages\/1682"}],"collection":[{"href":"https:\/\/www.rameendustri.com\/index.php\/wp-json\/wp\/v2\/pages"}],"about":[{"href":"https:\/\/www.rameendustri.com\/index.php\/wp-json\/wp\/v2\/types\/page"}],"author":[{"embeddable":true,"href":"https:\/\/www.rameendustri.com\/index.php\/wp-json\/wp\/v2\/users\/1"}],"replies":[{"embeddable":true,"href":"https:\/\/www.rameendustri.com\/index.php\/wp-json\/wp\/v2\/comments?post=1682"}],"version-history":[{"count":2,"href":"https:\/\/www.rameendustri.com\/index.php\/wp-json\/wp\/v2\/pages\/1682\/revisions"}],"predecessor-version":[{"id":1759,"href":"https:\/\/www.rameendustri.com\/index.php\/wp-json\/wp\/v2\/pages\/1682\/revisions\/1759"}],"wp:attachment":[{"href":"https:\/\/www.rameendustri.com\/index.php\/wp-json\/wp\/v2\/media?parent=1682"}],"curies":[{"name":"wp","href":"https:\/\/api.w.org\/{rel}","templated":true}]}}