{"id":28,"date":"2020-10-20T06:47:32","date_gmt":"2020-10-20T06:47:32","guid":{"rendered":"http:\/\/www.rameendustri.com\/?page_id=28"},"modified":"2021-01-05T12:00:58","modified_gmt":"2021-01-05T09:00:58","slug":"hakkimizda","status":"publish","type":"page","link":"https:\/\/www.rameendustri.com\/","title":{"rendered":""},"content":{"rendered":"\n<p class=\"has-text-color\" style=\"font-size:31px;color:#090081\"><em>END\u00dcSTR\u0130YEL PROJELERDE \u00c7\u00d6Z\u00dcM ORTA\u011eINIZ<\/em><\/p>\n\n\n\n<p><\/p>\n\n\n\n<figure class=\"wp-block-image size-large is-resized\"><img loading=\"lazy\" src=\"https:\/\/www.rameendustri.com\/wp-content\/uploads\/2021\/01\/Sunu1-Kopya-min-1024x576.png\" alt=\"\" class=\"wp-image-1746\" width=\"661\" height=\"372\" srcset=\"https:\/\/www.rameendustri.com\/wp-content\/uploads\/2021\/01\/Sunu1-Kopya-min-1024x576.png 1024w, https:\/\/www.rameendustri.com\/wp-content\/uploads\/2021\/01\/Sunu1-Kopya-min-300x169.png 300w, https:\/\/www.rameendustri.com\/wp-content\/uploads\/2021\/01\/Sunu1-Kopya-min-768x432.png 768w, https:\/\/www.rameendustri.com\/wp-content\/uploads\/2021\/01\/Sunu1-Kopya-min.png 1280w\" sizes=\"(max-width: 661px) 100vw, 661px\" \/><\/figure>\n","protected":false},"excerpt":{"rendered":"<p>END\u00dcSTR\u0130YEL PROJELERDE \u00c7\u00d6Z\u00dcM ORTA\u011eINIZ<\/p>\n","protected":false},"author":1,"featured_media":1633,"parent":0,"menu_order":0,"comment_status":"closed","ping_status":"closed","template":"","meta":[],"_links":{"self":[{"href":"https:\/\/www.rameendustri.com\/index.php\/wp-json\/wp\/v2\/pages\/28"}],"collection":[{"href":"https:\/\/www.rameendustri.com\/index.php\/wp-json\/wp\/v2\/pages"}],"about":[{"href":"https:\/\/www.rameendustri.com\/index.php\/wp-json\/wp\/v2\/types\/page"}],"author":[{"embeddable":true,"href":"https:\/\/www.rameendustri.com\/index.php\/wp-json\/wp\/v2\/users\/1"}],"replies":[{"embeddable":true,"href":"https:\/\/www.rameendustri.com\/index.php\/wp-json\/wp\/v2\/comments?post=28"}],"version-history":[{"count":17,"href":"https:\/\/www.rameendustri.com\/index.php\/wp-json\/wp\/v2\/pages\/28\/revisions"}],"predecessor-version":[{"id":1747,"href":"https:\/\/www.rameendustri.com\/index.php\/wp-json\/wp\/v2\/pages\/28\/revisions\/1747"}],"wp:featuredmedia":[{"embeddable":true,"href":"https:\/\/www.rameendustri.com\/index.php\/wp-json\/wp\/v2\/media\/1633"}],"wp:attachment":[{"href":"https:\/\/www.rameendustri.com\/index.php\/wp-json\/wp\/v2\/media?parent=28"}],"curies":[{"name":"wp","href":"https:\/\/api.w.org\/{rel}","templated":true}]}}